{"id":1435,"date":"2022-11-12T16:15:38","date_gmt":"2022-11-12T16:15:38","guid":{"rendered":"https:\/\/dewitgravure.com\/?page_id=1435"},"modified":"2022-12-03T17:57:45","modified_gmt":"2022-12-03T17:57:45","slug":"elementor-1435","status":"publish","type":"page","link":"https:\/\/dewitgravure.com\/?page_id=1435","title":{"rendered":"parcours"},"content":{"rendered":"\t\t<div data-elementor-type=\"wp-page\" data-elementor-id=\"1435\" class=\"elementor elementor-1435\">\n\t\t\t\t\t\t<section class=\"elementor-section elementor-top-section elementor-element elementor-element-e64ca6f elementor-section-boxed elementor-section-height-default elementor-section-height-default\" data-id=\"e64ca6f\" data-element_type=\"section\">\n\t\t\t\t\t\t<div class=\"elementor-container elementor-column-gap-default\">\n\t\t\t\t\t<div class=\"elementor-column elementor-col-100 elementor-top-column elementor-element elementor-element-1d77877\" data-id=\"1d77877\" data-element_type=\"column\">\n\t\t\t<div class=\"elementor-widget-wrap elementor-element-populated\">\n\t\t\t\t\t\t<div class=\"elementor-element elementor-element-dae2dc8 elementor-widget__width-inherit elementor-widget elementor-widget-image\" data-id=\"dae2dc8\" data-element_type=\"widget\" data-widget_type=\"image.default\">\n\t\t\t\t<div class=\"elementor-widget-container\">\n\t\t\t\t\t\t\t\t\t\t\t\t\t\t\t<img fetchpriority=\"high\" decoding=\"async\" width=\"1024\" height=\"768\" src=\"https:\/\/dewitgravure.com\/wp-content\/uploads\/2022\/11\/IMG_1951.jpg\" class=\"attachment-large size-large wp-image-1437\" alt=\"\" srcset=\"https:\/\/dewitgravure.com\/wp-content\/uploads\/2022\/11\/IMG_1951.jpg 1024w, https:\/\/dewitgravure.com\/wp-content\/uploads\/2022\/11\/IMG_1951-300x225.jpg 300w, https:\/\/dewitgravure.com\/wp-content\/uploads\/2022\/11\/IMG_1951-768x576.jpg 768w, https:\/\/dewitgravure.com\/wp-content\/uploads\/2022\/11\/IMG_1951-600x450.jpg 600w\" sizes=\"(max-width: 1024px) 100vw, 1024px\" \/>\t\t\t\t\t\t\t\t\t\t\t\t\t\t\t<\/div>\n\t\t\t\t<\/div>\n\t\t\t\t\t<\/div>\n\t\t<\/div>\n\t\t\t\t\t<\/div>\n\t\t<\/section>\n\t\t\t\t<section class=\"elementor-section elementor-top-section elementor-element elementor-element-a54faf9 elementor-section-boxed elementor-section-height-default elementor-section-height-default\" data-id=\"a54faf9\" data-element_type=\"section\">\n\t\t\t\t\t\t<div class=\"elementor-container elementor-column-gap-default\">\n\t\t\t\t\t<div class=\"elementor-column elementor-col-100 elementor-top-column elementor-element elementor-element-28f5f97\" data-id=\"28f5f97\" data-element_type=\"column\">\n\t\t\t<div class=\"elementor-widget-wrap elementor-element-populated\">\n\t\t\t\t\t\t<div class=\"elementor-element elementor-element-b7bd989 elementor-widget elementor-widget-heading\" data-id=\"b7bd989\" data-element_type=\"widget\" data-widget_type=\"heading.default\">\n\t\t\t\t<div class=\"elementor-widget-container\">\n\t\t\t\t\t<h2 class=\"elementor-heading-title elementor-size-default\">mon parcours artisan graveur ciseleur<\/h2>\t\t\t\t<\/div>\n\t\t\t\t<\/div>\n\t\t\t\t\t<\/div>\n\t\t<\/div>\n\t\t\t\t\t<\/div>\n\t\t<\/section>\n\t\t\t\t<section class=\"elementor-section elementor-top-section elementor-element elementor-element-2c0a31b elementor-section-boxed elementor-section-height-default elementor-section-height-default\" data-id=\"2c0a31b\" data-element_type=\"section\">\n\t\t\t\t\t\t<div class=\"elementor-container elementor-column-gap-default\">\n\t\t\t\t\t<div class=\"elementor-column elementor-col-100 elementor-top-column elementor-element elementor-element-7cab7db\" data-id=\"7cab7db\" data-element_type=\"column\">\n\t\t\t<div class=\"elementor-widget-wrap elementor-element-populated\">\n\t\t\t\t\t\t<div class=\"elementor-element elementor-element-c26f105 elementor-widget elementor-widget-text-editor\" data-id=\"c26f105\" data-element_type=\"widget\" data-widget_type=\"text-editor.default\">\n\t\t\t\t<div class=\"elementor-widget-container\">\n\t\t\t\t\t\t\t\t\t<p>Passionn\u00e9 par la chasse d\u00e8s le plus jeune \u00e2ge, j\u2019accompagnais mon p\u00e8re avec un regard \u00e9merveill\u00e9 de cette passion et de l&#8217;\u00e9cosyst\u00e8me qui l\u2019entoure. Attir\u00e9 par les armes, c\u2019est naturellement que je me dirige vers le <strong>tir en comp\u00e9tition<\/strong> \u00e0 l\u2019\u00e2ge de 8 ans. Une certaine concentration et pr\u00e9cision m&#8217;ont amen\u00e9 \u00e0 me classer dans le haut du tableau fran\u00e7ais pendant de nombreuses ann\u00e9es.<\/p><p>\u00a0J\u2019ai ensuite la chance d&#8217;effectuer un stage d\u00e9couverte au sein de\u00a0<a title=\"Armurerie Fontaine\" href=\"https:\/\/www.fontaine-tir.com\" target=\"_blank\" rel=\"noopener\">l&#8217;Armurerie Fontaine<\/a>. Ce stage a \u00e9t\u00e9 comme une r\u00e9v\u00e9lation pour moi et c&#8217;est pourquoi je me suis lanc\u00e9\u00a0dans le <b>m\u00e9tier d\u2019armurier<\/b>. C\u2019est donc avec fiert\u00e9 que je rejoins <a title=\"Ecole Armurerie\" href=\"https:\/\/leonmignon.be\/\" target=\"_blank\" rel=\"noopener\">l&#8217;\u00e9cole L\u00e9on Mignon<\/a>, la prestigieuse \u00e9cole d\u2019armurerie de Li\u00e8ge en Belgique. Mon dipl\u00f4me en poche apr\u00e8s trois ans d&#8217;\u00e9tude, je choisis de continuer une ann\u00e9e de plus pour d\u00e9velopper mes comp\u00e9tences en &#8220;<strong>Sp\u00e9cialisation M\u00e9tal<\/strong>&#8220;.\u00a0<\/p>\t\t\t\t\t\t\t\t<\/div>\n\t\t\t\t<\/div>\n\t\t\t\t\t<\/div>\n\t\t<\/div>\n\t\t\t\t\t<\/div>\n\t\t<\/section>\n\t\t\t\t<section class=\"elementor-section elementor-top-section elementor-element elementor-element-b279429 elementor-section-boxed elementor-section-height-default elementor-section-height-default\" data-id=\"b279429\" data-element_type=\"section\">\n\t\t\t\t\t\t<div class=\"elementor-container elementor-column-gap-default\">\n\t\t\t\t\t<div class=\"elementor-column elementor-col-100 elementor-top-column elementor-element elementor-element-b3e6282\" data-id=\"b3e6282\" data-element_type=\"column\">\n\t\t\t<div class=\"elementor-widget-wrap elementor-element-populated\">\n\t\t\t\t\t\t<div class=\"elementor-element elementor-element-a8b5b9a elementor-widget elementor-widget-testimonial\" data-id=\"a8b5b9a\" data-element_type=\"widget\" data-widget_type=\"testimonial.default\">\n\t\t\t\t<div class=\"elementor-widget-container\">\n\t\t\t\t\t\t\t<div class=\"elementor-testimonial-wrapper\">\n\t\t\t\t\t\t\t<div class=\"elementor-testimonial-content\">Malgr\u00e9 mon parcours r\u00e9ussi, je ne me sens pas pour autant pleinement \u00e9panoui et je finis par me rendre compte que la beaut\u00e9 de l\u2019arme m\u2019int\u00e9resse davantage que sa m\u00e9canique.<\/div>\n\t\t\t\n\t\t\t\t\t\t<div class=\"elementor-testimonial-meta elementor-has-image elementor-testimonial-image-position-aside\">\n\t\t\t\t<div class=\"elementor-testimonial-meta-inner\">\n\t\t\t\t\t\t\t\t\t\t\t<div class=\"elementor-testimonial-image\">\n\t\t\t\t\t\t\t<img decoding=\"async\" width=\"2402\" height=\"1831\" src=\"https:\/\/dewitgravure.com\/wp-content\/uploads\/2022\/10\/1667030582409-e1672994418868.jpg\" class=\"attachment-full size-full wp-image-1245\" alt=\"\" srcset=\"https:\/\/dewitgravure.com\/wp-content\/uploads\/2022\/10\/1667030582409-e1672994418868.jpg 2402w, https:\/\/dewitgravure.com\/wp-content\/uploads\/2022\/10\/1667030582409-e1672994418868-600x457.jpg 600w, https:\/\/dewitgravure.com\/wp-content\/uploads\/2022\/10\/1667030582409-e1672994418868-300x229.jpg 300w, https:\/\/dewitgravure.com\/wp-content\/uploads\/2022\/10\/1667030582409-e1672994418868-1024x781.jpg 1024w, https:\/\/dewitgravure.com\/wp-content\/uploads\/2022\/10\/1667030582409-e1672994418868-768x585.jpg 768w, https:\/\/dewitgravure.com\/wp-content\/uploads\/2022\/10\/1667030582409-e1672994418868-1536x1171.jpg 1536w, https:\/\/dewitgravure.com\/wp-content\/uploads\/2022\/10\/1667030582409-e1672994418868-2048x1561.jpg 2048w\" sizes=\"(max-width: 2402px) 100vw, 2402px\" \/>\t\t\t\t\t\t<\/div>\n\t\t\t\t\t\n\t\t\t\t\t\t\t\t\t<\/div>\n\t\t\t<\/div>\n\t\t\t\t\t<\/div>\n\t\t\t\t\t\t<\/div>\n\t\t\t\t<\/div>\n\t\t\t\t<div class=\"elementor-element elementor-element-dd09099 elementor-widget elementor-widget-text-editor\" data-id=\"dd09099\" data-element_type=\"widget\" data-widget_type=\"text-editor.default\">\n\t\t\t\t<div class=\"elementor-widget-container\">\n\t\t\t\t\t\t\t\t\t<p>Ayant des qualit\u00e9s naturelles dans le dessin, c\u2019est donc pour r\u00e9unir mes deux passions <em>(dessin et esth\u00e9tisme des armes)<\/em> que je me dirige vers le dipl\u00f4me de <strong>&#8220;Graveur Ciseleur&#8221;<\/strong>.\u00a0<\/p><p>J\u2019ai eu la chance d\u2019avoir des professeurs de renom dans ce domaine, tous passionn\u00e9s et ayant \u00e0 coeur de transmettre leur savoir-faire et leurs techniques vari\u00e9es. Trois ann\u00e9es d\u2019apprentissage \u00e0 leurs c\u00f4t\u00e9s m\u2019ont permis d\u2019apprendre le m\u00e9tier &#8211; \u00a0Aujourd&#8217;hui, je suis tr\u00e8s heureux d&#8217;exercer ce m\u00e9tier qui me fait tant r\u00eaver.<\/p><p>A la fin de mes \u00e9tudes, R\u00e9mi Richard\u00a0m\u2019accueille au sein de son \u00e9tablissement <a title=\"Dewit Grawure\" href=\"https:\/\/www.armurerie-richard.com\" target=\"_blank\" rel=\"noopener\">Armurerie Richard<\/a> me permet de m\u2019installer \u00e0 mon compte. \u00a0Si vous avez un projet de personnalisation d&#8217;objet <em>(armurerie, horlogerie, bijouterie)<\/em>, n&#8217;h\u00e9sitez pas \u00e0 me contacter ou \u00e0 me rendre visite.<\/p>\t\t\t\t\t\t\t\t<\/div>\n\t\t\t\t<\/div>\n\t\t\t\t\t<\/div>\n\t\t<\/div>\n\t\t\t\t\t<\/div>\n\t\t<\/section>\n\t\t\t\t<section class=\"elementor-section elementor-top-section elementor-element elementor-element-9fe8e42 elementor-section-boxed elementor-section-height-default elementor-section-height-default\" data-id=\"9fe8e42\" data-element_type=\"section\">\n\t\t\t\t\t\t<div class=\"elementor-container elementor-column-gap-default\">\n\t\t\t\t\t<div class=\"elementor-column elementor-col-100 elementor-top-column elementor-element elementor-element-73cc4f1\" data-id=\"73cc4f1\" data-element_type=\"column\">\n\t\t\t<div class=\"elementor-widget-wrap elementor-element-populated\">\n\t\t\t\t\t\t<div class=\"elementor-element elementor-element-d43427a elementor-widget elementor-widget-heading\" data-id=\"d43427a\" data-element_type=\"widget\" data-widget_type=\"heading.default\">\n\t\t\t\t<div class=\"elementor-widget-container\">\n\t\t\t\t\t<h2 class=\"elementor-heading-title elementor-size-default\"><a href=\"https:\/\/www.lechasseurfrancais.com\" target=\"_blank\" le=\"\">petite interview dans laquelle j'\u00e9voque mon parcours et ma passion<\/a><\/h2>\t\t\t\t<\/div>\n\t\t\t\t<\/div>\n\t\t\t\t\t<\/div>\n\t\t<\/div>\n\t\t\t\t\t<\/div>\n\t\t<\/section>\n\t\t\t\t<section class=\"elementor-section elementor-top-section elementor-element elementor-element-5feec87 elementor-section-boxed elementor-section-height-default elementor-section-height-default\" data-id=\"5feec87\" data-element_type=\"section\">\n\t\t\t\t\t\t<div class=\"elementor-container elementor-column-gap-default\">\n\t\t\t\t\t<div class=\"elementor-column elementor-col-100 elementor-top-column elementor-element elementor-element-fc0129f\" data-id=\"fc0129f\" data-element_type=\"column\">\n\t\t\t<div class=\"elementor-widget-wrap elementor-element-populated\">\n\t\t\t\t\t\t<div class=\"elementor-element elementor-element-01ac3ee elementor-widget elementor-widget-video\" data-id=\"01ac3ee\" data-element_type=\"widget\" data-settings=\"{&quot;youtube_url&quot;:&quot;https:\\\/\\\/m.youtube.com\\\/watch?v=GUIyFI6jAeE&amp;feature=share&quot;,&quot;show_image_overlay&quot;:&quot;yes&quot;,&quot;image_overlay&quot;:{&quot;url&quot;:&quot;http:\\\/\\\/dewitgravure.com\\\/wp-content\\\/uploads\\\/2022\\\/11\\\/Capture-decran-2022-11-17-a-20.21.34.png&quot;,&quot;id&quot;:1484,&quot;size&quot;:&quot;&quot;,&quot;alt&quot;:&quot;Le Chasseur Fran\\u00e7ais - Interview&quot;,&quot;source&quot;:&quot;library&quot;},&quot;video_type&quot;:&quot;youtube&quot;,&quot;controls&quot;:&quot;yes&quot;}\" data-widget_type=\"video.default\">\n\t\t\t\t<div class=\"elementor-widget-container\">\n\t\t\t\t\t\t\t<div class=\"elementor-wrapper elementor-open-inline\">\n\t\t\t<div class=\"elementor-video\"><\/div>\t\t\t\t<div class=\"elementor-custom-embed-image-overlay\" style=\"background-image: url(https:\/\/dewitgravure.com\/wp-content\/uploads\/2022\/11\/Capture-decran-2022-11-17-a-20.21.34.png);\">\n\t\t\t\t\t\t\t\t\t\t\t\t\t\t\t\t<div class=\"elementor-custom-embed-play\" role=\"button\" aria-label=\"Play Video about Le Chasseur Fran\u00e7ais - Interview\" tabindex=\"0\">\n\t\t\t\t\t\t\t<i aria-hidden=\"true\" class=\"eicon-play\"><\/i>\t\t\t\t\t\t<\/div>\n\t\t\t\t\t\t\t\t\t<\/div>\n\t\t\t\t\t<\/div>\n\t\t\t\t\t\t<\/div>\n\t\t\t\t<\/div>\n\t\t\t\t\t<\/div>\n\t\t<\/div>\n\t\t\t\t\t<\/div>\n\t\t<\/section>\n\t\t\t\t<section class=\"elementor-section elementor-top-section elementor-element elementor-element-9fc7de8 elementor-section-boxed elementor-section-height-default elementor-section-height-default\" data-id=\"9fc7de8\" data-element_type=\"section\">\n\t\t\t\t\t\t<div class=\"elementor-container elementor-column-gap-default\">\n\t\t\t\t\t<div class=\"elementor-column elementor-col-100 elementor-top-column elementor-element elementor-element-7ab4938\" data-id=\"7ab4938\" data-element_type=\"column\">\n\t\t\t<div class=\"elementor-widget-wrap elementor-element-populated\">\n\t\t\t\t\t\t<div class=\"elementor-element elementor-element-aa81170 elementor-align-center elementor-widget elementor-widget-button\" data-id=\"aa81170\" data-element_type=\"widget\" data-widget_type=\"button.default\">\n\t\t\t\t<div class=\"elementor-widget-container\">\n\t\t\t\t\t\t\t\t\t<div class=\"elementor-button-wrapper\">\n\t\t\t\t\t<a class=\"elementor-button elementor-button-link elementor-size-sm\" href=\"https:\/\/dewitgravure.com\/?page_id=24\">\n\t\t\t\t\t\t<span class=\"elementor-button-content-wrapper\">\n\t\t\t\t\t\t\t\t\t<span class=\"elementor-button-text\">contactez-moi<\/span>\n\t\t\t\t\t<\/span>\n\t\t\t\t\t<\/a>\n\t\t\t\t<\/div>\n\t\t\t\t\t\t\t\t<\/div>\n\t\t\t\t<\/div>\n\t\t\t\t\t<\/div>\n\t\t<\/div>\n\t\t\t\t\t<\/div>\n\t\t<\/section>\n\t\t\t\t<\/div>\n\t\t","protected":false},"excerpt":{"rendered":"<p>mon parcours artisan graveur ciseleur Passionn\u00e9 par la chasse d\u00e8s le plus jeune \u00e2ge, j\u2019accompagnais mon p\u00e8re avec un regard \u00e9merveill\u00e9 de cette passion et de l&#8217;\u00e9cosyst\u00e8me qui l\u2019entoure. Attir\u00e9 par les armes, c\u2019est naturellement que je me dirige vers le tir en comp\u00e9tition \u00e0 l\u2019\u00e2ge de 8 ans. Une certaine concentration et pr\u00e9cision m&#8217;ont [&hellip;]<\/p>\n","protected":false},"author":1,"featured_media":0,"parent":0,"menu_order":0,"comment_status":"closed","ping_status":"closed","template":"","meta":{"om_disable_all_campaigns":false,"_monsterinsights_skip_tracking":false,"_monsterinsights_sitenote_active":false,"_monsterinsights_sitenote_note":"","_monsterinsights_sitenote_category":0,"site-sidebar-layout":"no-sidebar","site-content-layout":"page-builder","ast-site-content-layout":"default","site-content-style":"default","site-sidebar-style":"default","ast-global-header-display":"","ast-banner-title-visibility":"","ast-main-header-display":"","ast-hfb-above-header-display":"","ast-hfb-below-header-display":"","ast-hfb-mobile-header-display":"","site-post-title":"disabled","ast-breadcrumbs-content":"","ast-featured-img":"disabled","footer-sml-layout":"","theme-transparent-header-meta":"","adv-header-id-meta":"","stick-header-meta":"","header-above-stick-meta":"","header-main-stick-meta":"","header-below-stick-meta":"","astra-migrate-meta-layouts":"default","ast-page-background-enabled":"default","ast-page-background-meta":{"desktop":{"background-color":"","background-image":"","background-repeat":"repeat","background-position":"center center","background-size":"auto","background-attachment":"scroll","background-type":"","background-media":"","overlay-type":"","overlay-color":"","overlay-opacity":"","overlay-gradient":""},"tablet":{"background-color":"","background-image":"","background-repeat":"repeat","background-position":"center center","background-size":"auto","background-attachment":"scroll","background-type":"","background-media":"","overlay-type":"","overlay-color":"","overlay-opacity":"","overlay-gradient":""},"mobile":{"background-color":"","background-image":"","background-repeat":"repeat","background-position":"center center","background-size":"auto","background-attachment":"scroll","background-type":"","background-media":"","overlay-type":"","overlay-color":"","overlay-opacity":"","overlay-gradient":""}},"ast-content-background-meta":{"desktop":{"background-color":"var(--ast-global-color-5)","background-image":"","background-repeat":"repeat","background-position":"center center","background-size":"auto","background-attachment":"scroll","background-type":"","background-media":"","overlay-type":"","overlay-color":"","overlay-opacity":"","overlay-gradient":""},"tablet":{"background-color":"var(--ast-global-color-5)","background-image":"","background-repeat":"repeat","background-position":"center center","background-size":"auto","background-attachment":"scroll","background-type":"","background-media":"","overlay-type":"","overlay-color":"","overlay-opacity":"","overlay-gradient":""},"mobile":{"background-color":"var(--ast-global-color-5)","background-image":"","background-repeat":"repeat","background-position":"center center","background-size":"auto","background-attachment":"scroll","background-type":"","background-media":"","overlay-type":"","overlay-color":"","overlay-opacity":"","overlay-gradient":""}},"footnotes":""},"class_list":["post-1435","page","type-page","status-publish","hentry"],"aioseo_notices":[],"_links":{"self":[{"href":"https:\/\/dewitgravure.com\/index.php?rest_route=\/wp\/v2\/pages\/1435","targetHints":{"allow":["GET"]}}],"collection":[{"href":"https:\/\/dewitgravure.com\/index.php?rest_route=\/wp\/v2\/pages"}],"about":[{"href":"https:\/\/dewitgravure.com\/index.php?rest_route=\/wp\/v2\/types\/page"}],"author":[{"embeddable":true,"href":"https:\/\/dewitgravure.com\/index.php?rest_route=\/wp\/v2\/users\/1"}],"replies":[{"embeddable":true,"href":"https:\/\/dewitgravure.com\/index.php?rest_route=%2Fwp%2Fv2%2Fcomments&post=1435"}],"version-history":[{"count":18,"href":"https:\/\/dewitgravure.com\/index.php?rest_route=\/wp\/v2\/pages\/1435\/revisions"}],"predecessor-version":[{"id":1525,"href":"https:\/\/dewitgravure.com\/index.php?rest_route=\/wp\/v2\/pages\/1435\/revisions\/1525"}],"wp:attachment":[{"href":"https:\/\/dewitgravure.com\/index.php?rest_route=%2Fwp%2Fv2%2Fmedia&parent=1435"}],"curies":[{"name":"wp","href":"https:\/\/api.w.org\/{rel}","templated":true}]}}